{"id":45,"date":"2017-09-27T21:16:48","date_gmt":"2017-09-27T19:16:48","guid":{"rendered":"http:\/\/www.agrovojkovice.cz\/?page_id=45"},"modified":"2025-01-27T00:43:00","modified_gmt":"2025-01-26T23:43:00","slug":"agro-vojkovice","status":"publish","type":"page","link":"http:\/\/www.agrovojkovice.cz\/","title":{"rendered":"Agro Vojkovice"},"content":{"rendered":"<p style=\"text-align: left; padding-left: 90px;\">Dobr\u00fd den,<br \/>\nv\u00edt\u00e1me V\u00e1s na na\u0161ich str\u00e1nk\u00e1ch! Zab\u00fdv\u00e1me se v\u00fdrobou zem\u011bd\u011blsk\u00fdch produkt\u016f.<\/p>\n<p style=\"text-align: center;\"><em>Kontakt:<\/em><\/p>\n<p style=\"text-align: center;\">\n<p style=\"text-align: center;\">_________________________________________________________<\/p>\n<p style=\"text-align: center;\"><i>Jednatel,<\/i>\u00a0<strong>Rostislav M\u00e1tl<\/strong><\/p>\n<p style=\"text-align: center;\"><a href=\"mailto:rostislav.matl@agrovojkovice.cz\">rostislav.matl@agrovojkovice.cz<\/a><\/p>\n<p style=\"text-align: center;\">_________________________________________________________<\/p>\n<p style=\"text-align: center;\"><em>Jednatel,<\/em><strong> Petr Mar\u0161\u00e1lek<\/strong><\/p>\n<p style=\"text-align: center;\"><a class=\"moz-txt-link-abbreviated\" href=\"mailto:petr.marsalek@agrovojkovice.cz\">petr.marsalek@agrovojkovice.cz<\/a><\/p>\n<p style=\"text-align: center;\">_________________________________________________________<\/p>\n<p style=\"text-align: center;\"><em>Evidence p\u016fdy, \u00fa\u010detn\u00ed,<\/em> <strong>Marie Mi\u010dov\u00e1<\/strong><\/p>\n<p style=\"text-align: center;\"><a class=\"moz-txt-link-abbreviated\" href=\"mailto:marie.micova@agrovojkovice.cz\">marie.micova@agrovojkovice.cz<\/a><\/p>\n<p style=\"text-align: center;\">tel.: 777 916 160<\/p>\n<p style=\"text-align: center;\">_________________________________________________________<\/p>\n","protected":false},"excerpt":{"rendered":"<p>Dobr\u00fd den, v\u00edt\u00e1me V\u00e1s na na\u0161ich str\u00e1nk\u00e1ch! Zab\u00fdv\u00e1me se v\u00fdrobou zem\u011bd\u011blsk\u00fdch produkt\u016f. Kontakt: _________________________________________________________ Jednatel,\u00a0Rostislav M\u00e1tl rostislav.matl@agrovojkovice.cz _________________________________________________________ Jednatel, Petr Mar\u0161\u00e1lek petr.marsalek@agrovojkovice.cz _________________________________________________________ Evidence p\u016fdy, \u00fa\u010detn\u00ed, Marie Mi\u010dov\u00e1 marie.micova@agrovojkovice.cz tel.: 777 916 160 _________________________________________________________<\/p>\n","protected":false},"author":1,"featured_media":0,"parent":0,"menu_order":0,"comment_status":"closed","ping_status":"closed","template":"","meta":[],"_links":{"self":[{"href":"http:\/\/www.agrovojkovice.cz\/index.php?rest_route=\/wp\/v2\/pages\/45"}],"collection":[{"href":"http:\/\/www.agrovojkovice.cz\/index.php?rest_route=\/wp\/v2\/pages"}],"about":[{"href":"http:\/\/www.agrovojkovice.cz\/index.php?rest_route=\/wp\/v2\/types\/page"}],"author":[{"embeddable":true,"href":"http:\/\/www.agrovojkovice.cz\/index.php?rest_route=\/wp\/v2\/users\/1"}],"replies":[{"embeddable":true,"href":"http:\/\/www.agrovojkovice.cz\/index.php?rest_route=%2Fwp%2Fv2%2Fcomments&post=45"}],"version-history":[{"count":9,"href":"http:\/\/www.agrovojkovice.cz\/index.php?rest_route=\/wp\/v2\/pages\/45\/revisions"}],"predecessor-version":[{"id":104,"href":"http:\/\/www.agrovojkovice.cz\/index.php?rest_route=\/wp\/v2\/pages\/45\/revisions\/104"}],"wp:attachment":[{"href":"http:\/\/www.agrovojkovice.cz\/index.php?rest_route=%2Fwp%2Fv2%2Fmedia&parent=45"}],"curies":[{"name":"wp","href":"https:\/\/api.w.org\/{rel}","templated":true}]}}